{"id":1004,"date":"2022-09-30T09:14:06","date_gmt":"2022-09-30T08:14:06","guid":{"rendered":"http:\/\/enseignementshmu.paris-lavillette.archi.fr\/hvd\/?page_id=1004"},"modified":"2025-10-07T11:30:48","modified_gmt":"2025-10-07T10:30:48","slug":"master-1-optionnel-soir","status":"publish","type":"page","link":"http:\/\/enseignementshmu.paris-lavillette.archi.fr\/hvd\/?page_id=1004","title":{"rendered":"Master 1 \u2013 S7 &#8211; Initiation \u00e0 la recherche"},"content":{"rendered":"<div class=\"initial-letter\"><h2 style=\"text-align: left;\"><span style=\"color: #ff6600;\">Cours d&#8217;initiation \u00e0 la recherche<\/span><\/h2>\n<h3><strong>Objectif<br \/>\n<\/strong><\/h3>\n<p style=\"text-align: justify;\">Le travail de pr\u00e9paration au m\u00e9moire est associ\u00e9 au s\u00e9minaire correspondant. Dans ce cadre, les \u00e9tudiants sont invit\u00e9s \u00e0 d\u00e9velopper une d\u00e9marche originale et personnelle de recherche, conduisant \u00e0 la construction d\u2019une probl\u00e9matique et d\u2019hypoth\u00e8ses, \u00e0 l\u2019analyse d\u2019un terrain, soutenue par la constitution d\u2019un corpus de r\u00e9f\u00e9rences sur les savoirs d\u00e9j\u00e0 constitu\u00e9s (ouvrages th\u00e9oriques et m\u00e9thodologiques) et \u00e0 partir de donn\u00e9es d\u2019enqu\u00eates, d\u2019observations, d\u2019archives\u2026<\/p>\n<p style=\"text-align: justify;\"><strong>Ce cours est mutualis\u00e9 avec le s\u00e9minaire Architectures de l&#8217;habitat, histoire, processus, spatialit\u00e9s (Juliette Pommier)<\/strong><\/p>\n<h3><strong>Contenu<br \/>\n<\/strong><\/h3>\n<p>L\u2019atelier d&#8217;initiation \u00e0 la recherche \u00e0 pour but de nourrir le travail du m\u00e9moire par une introduction \u00e0 la recherche et ses m\u00e9thodes d\u00b4\u00e9tudes, l\u2019apprentissage de l\u00b4utilisation d\u00b4outils li\u00e9s \u00e0 l\u2019objectivation d\u2019un questionnement ; ainsi seront abord\u00e9s les questions du choix et de la construction du sujet de m\u00e9moire, de la probl\u00e9matique et des hypoth\u00e8ses, des m\u00e9thodes de travail ; recherches des sources, exploitation des donn\u00e9es, travaux bibliographiques. Cet atelier sera anim\u00e9 par des enseignants ayant une pratique active de la recherche dans des laboratoires de l\u2019\u00e9cole. Il s\u2019agira d\u2019introduire les \u00e9tudiants \u00e0 l\u2019analyse et la production scientifique de contenus.<\/p>\n<h3><strong>Programme et contr\u00f4le des connaissances<br \/>\n<\/strong><\/h3>\n<p>Participation active aux travaux d\u2019atelier, dossier personnel d\u2019analyse d\u2019articles, r\u00e9daction de bibliographies communes de r\u00e9f\u00e9rences.<\/p>\n<p style=\"text-align: justify;\">Cet enseignement \u00e0 pour objectif principal de pr\u00e9parer au travail et \u00e0 l\u2019\u00e9criture du m\u00e9moire de Master. Il peut \u00e9galement servir de socle pour les \u00e9tudiants souhaitant s\u2019engager dans un parcours recherche en semestre 9.<\/p>\n<p><a href=\"http:\/\/enseignementshmu.paris-lavillette.archi.fr\/hvd\/wp-content\/uploads\/2025\/10\/Sem-HVD_2025-26V2_IR.pdf\" class=\"mtli_attachment mtli_pdf\" data-mtli=\"mtli_filesize2566kB\">Programme de l&#8217;initiation \u00e0 la recherche \u00e0 t\u00e9l\u00e9charger<\/a> (2025-2026)<\/p>\n<p><a href=\"http:\/\/enseignementshmu.paris-lavillette.archi.fr\/hvd\/wp-content\/uploads\/2025\/10\/Sem-HVD_2025-26V2_IR-scaled.jpg\"><img loading=\"lazy\" class=\"aligncenter wp-image-1938 size-large\" src=\"http:\/\/enseignementshmu.paris-lavillette.archi.fr\/hvd\/wp-content\/uploads\/2025\/10\/Sem-HVD_2025-26V2_IR-692x1024.jpg\" alt=\"\" width=\"692\" height=\"1024\" srcset=\"http:\/\/enseignementshmu.paris-lavillette.archi.fr\/hvd\/wp-content\/uploads\/2025\/10\/Sem-HVD_2025-26V2_IR-692x1024.jpg 692w, http:\/\/enseignementshmu.paris-lavillette.archi.fr\/hvd\/wp-content\/uploads\/2025\/10\/Sem-HVD_2025-26V2_IR-203x300.jpg 203w, http:\/\/enseignementshmu.paris-lavillette.archi.fr\/hvd\/wp-content\/uploads\/2025\/10\/Sem-HVD_2025-26V2_IR-768x1136.jpg 768w, http:\/\/enseignementshmu.paris-lavillette.archi.fr\/hvd\/wp-content\/uploads\/2025\/10\/Sem-HVD_2025-26V2_IR-1039x1536.jpg 1039w, http:\/\/enseignementshmu.paris-lavillette.archi.fr\/hvd\/wp-content\/uploads\/2025\/10\/Sem-HVD_2025-26V2_IR-1385x2048.jpg 1385w, http:\/\/enseignementshmu.paris-lavillette.archi.fr\/hvd\/wp-content\/uploads\/2025\/10\/Sem-HVD_2025-26V2_IR-815x1205.jpg 815w, http:\/\/enseignementshmu.paris-lavillette.archi.fr\/hvd\/wp-content\/uploads\/2025\/10\/Sem-HVD_2025-26V2_IR-scaled.jpg 1731w\" sizes=\"(max-width: 692px) 100vw, 692px\" \/><\/a><strong>Charge horaire\/semaine : 1h30TD<\/strong><\/p>\n<table style=\"height: 46px;\" border=\"1\" width=\"552\" cellspacing=\"0\" cellpadding=\"0\">\n<tbody>\n<tr>\n<td valign=\"top\" width=\"162\"><\/td>\n<td valign=\"top\" width=\"64\">\n<p align=\"center\"><b>Ann\u00e9e<\/b><\/p>\n<\/td>\n<td valign=\"top\" width=\"80\">\n<p align=\"center\"><b>Semestre<\/b><\/p>\n<\/td>\n<td valign=\"top\" width=\"138\">\n<p align=\"center\"><b>Jour d\u2019intervention<br \/>\n<\/b><\/p>\n<\/td>\n<td valign=\"top\" width=\"138\">\n<p align=\"center\"><b>Horaire<br \/>\n<\/b><\/p>\n<\/td>\n<td style=\"text-align: center;\" valign=\"top\" width=\"138\">\u00a0<strong>Salle<\/strong><\/td>\n<\/tr>\n<tr>\n<td valign=\"top\" width=\"162\"><strong>Second cycle master<\/strong><\/td>\n<td valign=\"top\" width=\"64\">\n<p align=\"center\"><b>M1<\/b><\/p>\n<\/td>\n<td valign=\"top\" width=\"80\">\n<p align=\"center\"><b>S7<\/b><\/p>\n<\/td>\n<td valign=\"top\" width=\"138\">\n<p align=\"center\"><b>Mardi<\/b><\/p>\n<\/td>\n<td valign=\"top\" width=\"138\">\n<p align=\"center\"><b>13h30-15<\/b><\/p>\n<\/td>\n<td valign=\"top\" width=\"138\">\n<p align=\"center\"><b>Salle de s\u00e9minaire (RDC) et salle 4 du site des Ardennes<br \/>\n<\/b><\/p>\n<\/td>\n<\/tr>\n<\/tbody>\n<\/table>\n<\/div><style type=\"text\/css\">a[data-mtli~=\"mtli_filesize2566kB\"]:after {content:\" (25.66 kB)\"}<\/style>","protected":false},"excerpt":{"rendered":"<p>Cours d&#8217;initiation \u00e0 la recherche Objectif Le travail de pr\u00e9paration au m\u00e9moire est associ\u00e9 au s\u00e9minaire correspondant. Dans ce cadre, les \u00e9tudiants sont invit\u00e9s \u00e0 d\u00e9velopper une d\u00e9marche originale et personnelle de recherche, conduisant \u00e0 la construction d\u2019une probl\u00e9matique et d\u2019hypoth\u00e8ses, \u00e0 l\u2019analyse d\u2019un terrain, soutenue par la constitution d\u2019un corpus de r\u00e9f\u00e9rences sur les &hellip; <\/p>\n<p><a class=\"more-link btn\" href=\"http:\/\/enseignementshmu.paris-lavillette.archi.fr\/hvd\/?page_id=1004\">Continue reading<\/a><\/p>\n","protected":false},"author":5,"featured_media":0,"parent":5,"menu_order":0,"comment_status":"open","ping_status":"open","template":"","meta":[],"_links":{"self":[{"href":"http:\/\/enseignementshmu.paris-lavillette.archi.fr\/hvd\/index.php?rest_route=\/wp\/v2\/pages\/1004"}],"collection":[{"href":"http:\/\/enseignementshmu.paris-lavillette.archi.fr\/hvd\/index.php?rest_route=\/wp\/v2\/pages"}],"about":[{"href":"http:\/\/enseignementshmu.paris-lavillette.archi.fr\/hvd\/index.php?rest_route=\/wp\/v2\/types\/page"}],"author":[{"embeddable":true,"href":"http:\/\/enseignementshmu.paris-lavillette.archi.fr\/hvd\/index.php?rest_route=\/wp\/v2\/users\/5"}],"replies":[{"embeddable":true,"href":"http:\/\/enseignementshmu.paris-lavillette.archi.fr\/hvd\/index.php?rest_route=%2Fwp%2Fv2%2Fcomments&post=1004"}],"version-history":[{"count":25,"href":"http:\/\/enseignementshmu.paris-lavillette.archi.fr\/hvd\/index.php?rest_route=\/wp\/v2\/pages\/1004\/revisions"}],"predecessor-version":[{"id":1942,"href":"http:\/\/enseignementshmu.paris-lavillette.archi.fr\/hvd\/index.php?rest_route=\/wp\/v2\/pages\/1004\/revisions\/1942"}],"up":[{"embeddable":true,"href":"http:\/\/enseignementshmu.paris-lavillette.archi.fr\/hvd\/index.php?rest_route=\/wp\/v2\/pages\/5"}],"wp:attachment":[{"href":"http:\/\/enseignementshmu.paris-lavillette.archi.fr\/hvd\/index.php?rest_route=%2Fwp%2Fv2%2Fmedia&parent=1004"}],"curies":[{"name":"wp","href":"https:\/\/api.w.org\/{rel}","templated":true}]}}