{"id":136,"date":"2013-10-01T16:31:04","date_gmt":"2013-10-01T15:31:04","guid":{"rendered":"http:\/\/enseignementshmu.paris-lavillette.archi.fr\/hvd\/?page_id=136"},"modified":"2026-02-23T17:36:23","modified_gmt":"2026-02-23T16:36:23","slug":"master-1-semestre-8","status":"publish","type":"page","link":"http:\/\/enseignementshmu.paris-lavillette.archi.fr\/hvd\/?page_id=136","title":{"rendered":"Master 1 &#8211; Semestre 8"},"content":{"rendered":"<div class=\"initial-letter\"><h2 style=\"text-align: center;\"><span style=\"color: #ff6600;\">Habitat et ville durable, pour une approche critique de la fabrique urbaine<br \/>\n<\/span><\/h2>\n<h3><strong>Objectif\u00a0:<\/strong><\/h3>\n<p style=\"text-align: justify;\">L&#8217;objectif de ce s\u00e9minaire est de poursuivre l\u2019analyse du panorama des enjeux de la transition \u00e9cologique au regard des processus de fabrication de l\u2019urbain par une approche centr\u00e9e sur la production de l\u2019habitat et de la ville durable tant sous l&#8217;angle th\u00e9orique et conceptuel que du point de vue des pratiques d\u2019acteurs (professionnelles, citoyens, d\u00e9cideurs, etc.). Il s&#8217;agira, tout au long de ce semestre, d&#8217;approfondir un sujet de recherche afin que les \u00e9tudiants puissent finaliser en S9 la production de leur m\u00e9moire. Ce travail se construit dans la progressivit\u00e9 et la continuit\u00e9 des enseignements de S7.<\/p>\n<h3><strong>Contenu\u00a0:<\/strong><\/h3>\n<p style=\"text-align: justify;\">Les enseignements de ce s\u00e9minaire se fondent sur les acquis du semestre pr\u00e9c\u00e9dent et cherchent \u00e0 approfondir les r\u00e9flexions relatives aux processus de projet \u00e0 l\u2019\u00e9chelle de l\u2019Habitat et de la Ville durable (conception, programmation, r\u00e9ception, \u00e9valuation) face aux imp\u00e9ratifs de durabilit\u00e9 : prise en compte de l&#8217;injonction \u00e0 des modes de vie \u00abdurables\u00bb, appropriation des dispositifs techniques, engagement \u00e0 la r\u00e9duction des consommations \u00e9nerg\u00e9tiques, etc. Cette d\u00e9marche devra interroger les liens entre dispositifs techniques et naturels, pratiques urbaines et microclimat (il\u00f4t de chaleur urbain), et plus g\u00e9n\u00e9ralement la place de l&#8217;environnement dans la conception architecturale et urbaine : dispositifs v\u00e9g\u00e9taux li\u00e9s \u00e0 la production \u00e9nerg\u00e9tique, pr\u00e9sence de nature en ville comme argument pour la lutte contre l&#8217;\u00e9talement urbain et diminution des \u00e9missions de gaz \u00e0 effet de serre&#8230;<\/p>\n<p style=\"text-align: justify;\">Une attention particuli\u00e8re sera accord\u00e9e aux articulations p\u00e9dagogiques possibles\/souhaitables entre le travail du projet en atelier et sa mise en perspective dans le m\u00e9moire, avec les enseignants de projets partenaires du s\u00e9minaire.<\/p>\n<h3 style=\"text-align: justify;\"><strong>Planning<\/strong><\/h3>\n<p><a href=\"http:\/\/enseignementshmu.paris-lavillette.archi.fr\/hvd\/wp-content\/uploads\/2026\/02\/Sem-HVD_2025-26_S8Fevr26.pdf\" class=\"mtli_attachment mtli_pdf\" data-mtli=\"mtli_filesize25180kB\">Programme du S8 \u00e0 t\u00e9l\u00e9charger (2025-2026)<\/a><\/p>\n<p><a href=\"http:\/\/enseignementshmu.paris-lavillette.archi.fr\/hvd\/wp-content\/uploads\/2026\/02\/Sem-HVD_2025-26_S8Fevr26-scaled.jpg\"><img loading=\"lazy\" class=\"aligncenter size-large wp-image-1951\" src=\"http:\/\/enseignementshmu.paris-lavillette.archi.fr\/hvd\/wp-content\/uploads\/2026\/02\/Sem-HVD_2025-26_S8Fevr26-1024x748.jpg\" alt=\"\" width=\"815\" height=\"595\" srcset=\"http:\/\/enseignementshmu.paris-lavillette.archi.fr\/hvd\/wp-content\/uploads\/2026\/02\/Sem-HVD_2025-26_S8Fevr26-1024x748.jpg 1024w, http:\/\/enseignementshmu.paris-lavillette.archi.fr\/hvd\/wp-content\/uploads\/2026\/02\/Sem-HVD_2025-26_S8Fevr26-300x219.jpg 300w, http:\/\/enseignementshmu.paris-lavillette.archi.fr\/hvd\/wp-content\/uploads\/2026\/02\/Sem-HVD_2025-26_S8Fevr26-768x561.jpg 768w, http:\/\/enseignementshmu.paris-lavillette.archi.fr\/hvd\/wp-content\/uploads\/2026\/02\/Sem-HVD_2025-26_S8Fevr26-1536x1122.jpg 1536w, http:\/\/enseignementshmu.paris-lavillette.archi.fr\/hvd\/wp-content\/uploads\/2026\/02\/Sem-HVD_2025-26_S8Fevr26-2048x1496.jpg 2048w, http:\/\/enseignementshmu.paris-lavillette.archi.fr\/hvd\/wp-content\/uploads\/2026\/02\/Sem-HVD_2025-26_S8Fevr26-815x595.jpg 815w\" sizes=\"(max-width: 815px) 100vw, 815px\" \/><\/a><\/p>\n<h3><strong>Organisation et nature des travaux demand\u00e9s\u00a0:<\/strong><\/h3>\n<ul>\n<li>\n<div style=\"text-align: justify;\">Ateliers m\u00e9thodologiques et s\u00e9minaire de recherche : Pour ce semestre il est propos\u00e9 aux \u00e9tudiants d&#8217;\u00e9crire un article reposant sur un entretien avec un.e chercheur.e portant sur des th\u00e8mes \u00e9tudi\u00e9s en S7 o\u00f9 dans le cadre des m\u00e9moires. Cet exercice cherche \u00e0 compl\u00e9ter les travaux sur l&#8217;\u00e9tat de la litt\u00e9rature effectu\u00e9s en S7. Il s&#8217;agit d&#8217;explorer une notion pouvant servir de cadre th\u00e9orique et d&#8217;analyse des enqu\u00eates men\u00e9es en S8. Le travail sur l&#8217;article permettra aux \u00e9tudiants d&#8217;approfondir leur th\u00e8me de recherche et d&#8217;engager une discussion avec des chercheur.es.<\/div>\n<\/li>\n<li>\n<div style=\"text-align: justify;\">Ateliers sur les m\u00e9thodes d&#8217;enqu\u00eate et la restitution de la recherche : des cours sont propos\u00e9s sur les m\u00e9thodes de recherche (recherches des sources, production des donn\u00e9es, exploitation des donn\u00e9es, travaux bibliographiques) et les analyses de terrain.<\/div>\n<\/li>\n<li>Suivi du m\u00e9moire<\/li>\n<\/ul>\n<p><strong>Charge horaire : 2h CM + 1h30 atelier m\u00e9thodologique + 1h suivi individuel<\/strong><\/p>\n<h3><strong>Contr\u00f4le des connaissances\u00a0:<\/strong><\/h3>\n<ul>\n<li>\n<div style=\"text-align: justify;\">Pr\u00e9sence et participation active aux ateliers ; fiches de lecture ; note biographique ; production de textes ; \u00e9laboration d&#8217;un m\u00e9moire d&#8217;\u00e9tape.<\/div>\n<\/li>\n<li>Contr\u00f4le continu 40%, m\u00e9moire d&#8217;\u00e9tape 60%<\/li>\n<\/ul>\n<h3><strong>Pr\u00e9paration \u00e0\u00a0:<\/strong><\/h3>\n<p><a title=\"Master 2 \u2013 Semestre 9\" href=\"http:\/\/enseignementshmu.paris-lavillette.archi.fr\/hvd\/?page_id=139\"><span style=\"color: #ff6600;\">S\u00e9minaire de S9 Habitat et ville durable, pour approche critique de la fabrique urbaine<\/span><\/a><\/p>\n<h3><strong>Coop\u00e9ration et coordination avec d\u2019autres UE :<\/strong><\/h3>\n<ul>\n<li>Groupes de projet &#8220;Des situations d&#8217;usages aux situations de projet. Projet urbain participatif et conception architecturale&#8221; (S9), &#8220;L&#8217;opportunit\u00e9 de la banlieue&#8221; (S10)<\/li>\n<li>EXP\u00c9 de S8\u00a0 \u2013 <a href=\"http:\/\/enseignementshmu.paris-lavillette.archi.fr\/hvd\/?cat=24\">Construire le devenir des territoires ruraux avec les habitant(e)s. Workshop participatif en r\u00e9sidence\u00a0<\/a><\/li>\n<\/ul>\n<table border=\"1\" cellspacing=\"0\" cellpadding=\"0\">\n<tbody>\n<tr>\n<td valign=\"top\" width=\"162\"><\/td>\n<td valign=\"top\" width=\"64\">\n<p align=\"center\"><b>Ann\u00e9e<\/b><\/p>\n<\/td>\n<td valign=\"top\" width=\"80\">\n<p align=\"center\"><b>Semestre<\/b><\/p>\n<\/td>\n<td valign=\"top\" width=\"138\">\n<p align=\"center\"><b>Jour d\u2019intervention <\/b><\/p>\n<\/td>\n<td valign=\"top\" width=\"138\">\n<p align=\"center\"><b>Horaire <\/b><\/p>\n<\/td>\n<td valign=\"top\" width=\"138\">\n<p align=\"center\"><b>Salle <\/b><\/p>\n<\/td>\n<\/tr>\n<tr>\n<td valign=\"top\" width=\"162\">Second cycle master<\/td>\n<td valign=\"top\" width=\"64\">\n<p align=\"center\"><b>M1<\/b><\/p>\n<\/td>\n<td valign=\"top\" width=\"80\">\n<p align=\"center\"><b>S8<\/b><\/p>\n<\/td>\n<td valign=\"top\" width=\"138\">\n<p align=\"center\"><b>Mardi<\/b><\/p>\n<\/td>\n<td valign=\"top\" width=\"138\">\n<p align=\"center\"><b>13h00-17h15<\/b><\/p>\n<\/td>\n<td valign=\"top\" width=\"138\">\n<p align=\"center\"><b>4 (Ardennes)<br \/>\n<\/b><\/p>\n<\/td>\n<\/tr>\n<\/tbody>\n<\/table>\n<\/div><style type=\"text\/css\">a[data-mtli~=\"mtli_filesize25180kB\"]:after {content:\" (251.80 kB)\"}<\/style>","protected":false},"excerpt":{"rendered":"<p>Habitat et ville durable, pour une approche critique de la fabrique urbaine Objectif\u00a0: L&#8217;objectif de ce s\u00e9minaire est de poursuivre l\u2019analyse du panorama des enjeux de la transition \u00e9cologique au regard des processus de fabrication de l\u2019urbain par une approche centr\u00e9e sur la production de l\u2019habitat et de la ville durable tant sous l&#8217;angle th\u00e9orique &hellip; <\/p>\n<p><a class=\"more-link btn\" href=\"http:\/\/enseignementshmu.paris-lavillette.archi.fr\/hvd\/?page_id=136\">Continue reading<\/a><\/p>\n","protected":false},"author":1,"featured_media":0,"parent":5,"menu_order":0,"comment_status":"open","ping_status":"open","template":"","meta":[],"_links":{"self":[{"href":"http:\/\/enseignementshmu.paris-lavillette.archi.fr\/hvd\/index.php?rest_route=\/wp\/v2\/pages\/136"}],"collection":[{"href":"http:\/\/enseignementshmu.paris-lavillette.archi.fr\/hvd\/index.php?rest_route=\/wp\/v2\/pages"}],"about":[{"href":"http:\/\/enseignementshmu.paris-lavillette.archi.fr\/hvd\/index.php?rest_route=\/wp\/v2\/types\/page"}],"author":[{"embeddable":true,"href":"http:\/\/enseignementshmu.paris-lavillette.archi.fr\/hvd\/index.php?rest_route=\/wp\/v2\/users\/1"}],"replies":[{"embeddable":true,"href":"http:\/\/enseignementshmu.paris-lavillette.archi.fr\/hvd\/index.php?rest_route=%2Fwp%2Fv2%2Fcomments&post=136"}],"version-history":[{"count":20,"href":"http:\/\/enseignementshmu.paris-lavillette.archi.fr\/hvd\/index.php?rest_route=\/wp\/v2\/pages\/136\/revisions"}],"predecessor-version":[{"id":1952,"href":"http:\/\/enseignementshmu.paris-lavillette.archi.fr\/hvd\/index.php?rest_route=\/wp\/v2\/pages\/136\/revisions\/1952"}],"up":[{"embeddable":true,"href":"http:\/\/enseignementshmu.paris-lavillette.archi.fr\/hvd\/index.php?rest_route=\/wp\/v2\/pages\/5"}],"wp:attachment":[{"href":"http:\/\/enseignementshmu.paris-lavillette.archi.fr\/hvd\/index.php?rest_route=%2Fwp%2Fv2%2Fmedia&parent=136"}],"curies":[{"name":"wp","href":"https:\/\/api.w.org\/{rel}","templated":true}]}}