{"id":139,"date":"2022-10-01T16:34:01","date_gmt":"2022-10-01T15:34:01","guid":{"rendered":"http:\/\/enseignementshmu.paris-lavillette.archi.fr\/hvd\/?page_id=139"},"modified":"2025-09-13T16:59:11","modified_gmt":"2025-09-13T15:59:11","slug":"master-1-semestre-9","status":"publish","type":"page","link":"http:\/\/enseignementshmu.paris-lavillette.archi.fr\/hvd\/?page_id=139","title":{"rendered":"Master 2 &#8211; Semestre 9"},"content":{"rendered":"<div class=\"initial-letter\"><h2 style=\"text-align: center;\"><span style=\"color: #ff6600;\">Habitat et ville durable, pour une approche critique de la fabrique urbaine<br \/>\n<\/span><\/h2>\n<h3><strong>Objectif\u00a0:<\/strong><\/h3>\n<p style=\"text-align: justify;\">A la suite des s\u00e9minaires S7 et S8 de Master 1, une r\u00e9flexion sera men\u00e9e sous l&#8217;angle de l&#8217;analyse critique afin de permettre aux \u00e9tudiants de finaliser la production de leur m\u00e9moire de master.<\/p>\n<p style=\"text-align: justify;\">Sera abord\u00e9 : la situation de projet (architectural et urbain) face aux exigences de la qualit\u00e9 environnementale et aux enjeux de la performance. Ce questionnement fond\u00e9 sur l&#8217;id\u00e9e d&#8217;\u00ab imp\u00e9ratif \u00e9cologique\u00bb devra permettre de prendre la mesure de ce qui s&#8217;op\u00e8re, autour de la notion de transition \u00e9cologique, chez les concepteurs, les d\u00e9cideurs et les usagers. Assiste-t-on d\u00e8s lors \u00e0 un changement de paradigme ou \u00e0 des formes de recyclages du d\u00e9bat ?<\/p>\n<h3><strong>Contenu\u00a0:<\/strong><\/h3>\n<p style=\"text-align: justify;\">Ce s\u00e9minaire interroge les nouvelles approches des d\u00e9marches urbaines et architecturales dans la production de l\u2019habitat et de la ville durable :<\/p>\n<p style=\"text-align: justify;\">&#8211; innovation et concepts architecturaux et urbains li\u00e9s \u00e0 la probl\u00e9matique environnementale ;<\/p>\n<p style=\"text-align: justify;\">&#8211; gestion responsable des ressources, des patrimoines (naturels et humains) et des territoires, ma\u00eetrise des ambiances, utilisation rationnelle de l&#8217;\u00e9nergie, cycle des mat\u00e9riaux et des b\u00e2timents, ma\u00eetrise des pollutions et nuisances ;<\/p>\n<p style=\"text-align: justify;\">&#8211; prospective du d\u00e9veloppement urbain et de la mobilit\u00e9, morphologie et paysage, ma\u00eetrise des flux, dimension sensorielle et prospective des \u00e9l\u00e9ments techniques, relation int\u00e9rieur-ext\u00e9rieur, espaces de transition, complexit\u00e9 de l&#8217;intervention sur une r\u00e9alit\u00e9 urbaine, p\u00e9ri-urbaine, rurale, etc.<\/p>\n<p style=\"text-align: justify;\">&#8211; \u00e9mergence d&#8217;une ing\u00e9nierie et d&#8217;un am\u00e9nagement de haute qualit\u00e9 environnementale, associant une pluralit\u00e9 d&#8217;approches, de disciplines et de savoir-faire.<\/p>\n<p style=\"text-align: justify;\">Le s\u00e9minaire permet la poursuite en mention \u00ab Recherche \u00bb du PFE.<\/p>\n<h3><strong>Organisation et nature des travaux demand\u00e9s\u00a0:<\/strong><\/h3>\n<ul>\n<li>S\u00e9minaire : Pr\u00e9sentations et d\u00e9bats sur les composantes principales de la probl\u00e9matique \u00e0 partir de recherches et de travaux m\u00e9thodologiques.<\/li>\n<li>Atelier m\u00e9thodologique : l&#8217;aide m\u00e9thodologique est centr\u00e9e sur la finalisation du m\u00e9moire et la pr\u00e9paration de la soutenance. Il s&#8217;agira pour l&#8217;\u00e9tudiant de d\u00e9velopper une situation d&#8217;\u00e9criture critique autour de la probl\u00e9matique et des travaux de terrains r\u00e9alis\u00e9s lors des semestres 7 et 8.<\/li>\n<\/ul>\n<p><strong>Charge horaire\/semaine : 1h CM et 1h d&#8217;encadrement individuel<\/strong><\/p>\n<h3><strong>Contr\u00f4le des connaissances\u00a0:<\/strong><\/h3>\n<ul>\n<li>Pr\u00e9sence et participation active aux d\u00e9bats ; avancement du m\u00e9moire ; s\u00e9ance collective de pr\u00e9sentation de plan, &#8230;<\/li>\n<li>Contr\u00f4le continu 40%, m\u00e9moire final 60%.<\/li>\n<\/ul>\n<h3><strong>Coop\u00e9ration et coordination avec d\u2019autres UE :<\/strong><\/h3>\n<ul>\n<li>Groupes de projet &#8220;Des situations d&#8217;usages aux situations de projet. Projet urbain participatif et conception architecturale&#8221; (S9), &#8220;L&#8217;opportunit\u00e9 de la banlieue&#8221; (S10)<\/li>\n<li>EXP\u00c9 de S8\u00a0 \u2013 <a href=\"http:\/\/enseignementshmu.paris-lavillette.archi.fr\/hvd\/?cat=24\">Construire le devenir des territoires ruraux avec les habitant(e)s. Workshop participatif en r\u00e9sidence\u00a0<\/a><\/li>\n<\/ul>\n<table border=\"1\" cellspacing=\"0\" cellpadding=\"0\">\n<tbody>\n<tr>\n<td valign=\"top\" width=\"162\"><\/td>\n<td valign=\"top\" width=\"64\">\n<p align=\"center\"><b>Ann\u00e9e<\/b><\/p>\n<\/td>\n<td valign=\"top\" width=\"80\">\n<p align=\"center\"><b>Semestre<\/b><\/p>\n<\/td>\n<td valign=\"top\" width=\"138\">\n<p align=\"center\"><b>Jour d\u2019intervention <\/b><\/p>\n<\/td>\n<td valign=\"top\" width=\"138\">\n<p align=\"center\"><b>Horaire <\/b><\/p>\n<\/td>\n<td valign=\"top\" width=\"138\">\n<p align=\"center\"><b>Salle <\/b><\/p>\n<\/td>\n<\/tr>\n<tr>\n<td valign=\"top\" width=\"162\">Second cycle master<\/td>\n<td valign=\"top\" width=\"64\">\n<p align=\"center\"><b>M2<\/b><\/p>\n<\/td>\n<td valign=\"top\" width=\"80\">\n<p align=\"center\"><b>S9<\/b><\/p>\n<\/td>\n<td valign=\"top\" width=\"138\">\n<p align=\"center\"><b>Mardi<\/b><\/p>\n<\/td>\n<td valign=\"top\" width=\"138\">\n<p align=\"center\"><b>9h-12h30<\/b><\/p>\n<\/td>\n<td valign=\"top\" width=\"138\">\n<p align=\"center\"><b>Site des Ardennes<br \/>\nSalle 4<br \/>\n<\/b><\/p>\n<\/td>\n<\/tr>\n<\/tbody>\n<\/table>\n<\/div>","protected":false},"excerpt":{"rendered":"<p>Habitat et ville durable, pour une approche critique de la fabrique urbaine Objectif\u00a0: A la suite des s\u00e9minaires S7 et S8 de Master 1, une r\u00e9flexion sera men\u00e9e sous l&#8217;angle de l&#8217;analyse critique afin de permettre aux \u00e9tudiants de finaliser la production de leur m\u00e9moire de master. Sera abord\u00e9 : la situation de projet (architectural &hellip; <\/p>\n<p><a class=\"more-link btn\" href=\"http:\/\/enseignementshmu.paris-lavillette.archi.fr\/hvd\/?page_id=139\">Continue reading<\/a><\/p>\n","protected":false},"author":1,"featured_media":0,"parent":5,"menu_order":0,"comment_status":"open","ping_status":"open","template":"","meta":[],"_links":{"self":[{"href":"http:\/\/enseignementshmu.paris-lavillette.archi.fr\/hvd\/index.php?rest_route=\/wp\/v2\/pages\/139"}],"collection":[{"href":"http:\/\/enseignementshmu.paris-lavillette.archi.fr\/hvd\/index.php?rest_route=\/wp\/v2\/pages"}],"about":[{"href":"http:\/\/enseignementshmu.paris-lavillette.archi.fr\/hvd\/index.php?rest_route=\/wp\/v2\/types\/page"}],"author":[{"embeddable":true,"href":"http:\/\/enseignementshmu.paris-lavillette.archi.fr\/hvd\/index.php?rest_route=\/wp\/v2\/users\/1"}],"replies":[{"embeddable":true,"href":"http:\/\/enseignementshmu.paris-lavillette.archi.fr\/hvd\/index.php?rest_route=%2Fwp%2Fv2%2Fcomments&post=139"}],"version-history":[{"count":13,"href":"http:\/\/enseignementshmu.paris-lavillette.archi.fr\/hvd\/index.php?rest_route=\/wp\/v2\/pages\/139\/revisions"}],"predecessor-version":[{"id":1927,"href":"http:\/\/enseignementshmu.paris-lavillette.archi.fr\/hvd\/index.php?rest_route=\/wp\/v2\/pages\/139\/revisions\/1927"}],"up":[{"embeddable":true,"href":"http:\/\/enseignementshmu.paris-lavillette.archi.fr\/hvd\/index.php?rest_route=\/wp\/v2\/pages\/5"}],"wp:attachment":[{"href":"http:\/\/enseignementshmu.paris-lavillette.archi.fr\/hvd\/index.php?rest_route=%2Fwp%2Fv2%2Fmedia&parent=139"}],"curies":[{"name":"wp","href":"https:\/\/api.w.org\/{rel}","templated":true}]}}