{"id":29,"date":"2013-06-25T12:58:07","date_gmt":"2013-06-25T11:58:07","guid":{"rendered":"http:\/\/enseignementshmu.paris-lavillette.archi.fr\/hvd\/?page_id=29"},"modified":"2026-02-04T08:56:53","modified_gmt":"2026-02-04T07:56:53","slug":"accueil","status":"publish","type":"page","link":"http:\/\/enseignementshmu.paris-lavillette.archi.fr\/hvd\/","title":{"rendered":"Pr\u00e9sentation et objectif du s\u00e9minaire"},"content":{"rendered":"<div class=\"initial-letter\">\n<p class=\"has-drop-cap has-regular-font-size\">Alors que l\u2019urgence climatique interpelle le monde social et devient un enjeu incontournable de nos territoires, tous les indicateurs nous rappellent combien le processus continu d\u2019urbanisation p\u00e8se sur les \u00e9quilibres sociaux, environnementaux et contribue \u00e0 la diffusion des \u00e9missions carbone. Dans ce contexte, l&#8217;objectif de ce s\u00e9minaire est de pr\u00e9senter un premier panorama des enjeux de la transition \u00e9cologique au regard des processus de fabrication de l\u2019urbain par une approche centr\u00e9e sur la production de l\u2019habitat et de la ville durable tant sous l&#8217;angle th\u00e9orique et conceptuel que du point de vue des pratiques d\u2019acteurs (professionnels, citoyens, d\u00e9cideurs, etc.).<br><\/p>\n\n\n\n<p>L\u2019objectif de ce s\u00e9minaire est de pr\u00e9senter un premier panorama des enjeux environnementaux et de d\u00e9veloppement durable au regard de l\u2019architecture et de l\u2019urbanisme sous l\u2019angle d\u2019approches tant th\u00e9oriques et conceptuelles que des pratiques professionnelles.<br><br>This seminar aims at presenting an introductive view of environmental and sustainability goals in architecture and planning, through theory and concepts as well as Professional practices.<\/p>\n\n\n\n<h1><\/h1>\n\n\n\n<h2><strong>\u00c9quipe p\u00e9dagogique 2025-2026<\/strong><\/h2>\n\n\n\n<p><strong>\u00c9lise MACAIRE, coordinatrice du s\u00e9minaire, chercheuse au LET-LAVUE<\/strong><br>Page personnelle sur\u00a0: <a href=\"https:\/\/let.archi.fr\/spip.php?auteur9&amp;hierarchie=membre\">https:\/\/let.archi.fr\/spip.php?auteur9<\/a><br>elise.macaire@paris-lavillette.archi.fr <br><strong>Sara CARLINI, chercheuse au LAA-LAVUE<\/strong><br>Page personnelle sur : <a href=\"https:\/\/www.laa.archi.fr\/_Carlini-Sara_\">https:\/\/www.laa.archi.fr\/_Carlini-Sara_<\/a><br>sara.carlini@paris-lavillette.archi.fr<br><strong>Martin MINOST, chercheur au CECMC, associ\u00e9 au LET-LAVUE<\/strong><br>Page personnelle sur : <a href=\"https:\/\/let.archi.fr\/spip.php?auteur3038&amp;hierarchie=membre\">https:\/\/let.archi.fr\/spip.php?auteur3038<\/a><br>martin.minost@paris-lavillette.archi.fr<br><strong>Margotte LAMOUROUX, chercheuse au LET-LAVUE<\/strong><br>Page personnelle sur : <a href=\"https:\/\/let.archi.fr\/spip.php?auteur3023\">https:\/\/let.archi.fr\/spip.php?auteur3023<\/a><br>margotte.lamouroux@paris-lavillette.archi.fr<br><strong>Guillaume BARON, enseignant de projet, membre du LET-LAVUE<\/strong><br>Page personnelle sur : <a href=\"https:\/\/let.archi.fr\/spip.php?auteur3065&amp;hierarchie=membre\">https:\/\/let.archi.fr\/spip.php?auteur3065<\/a><br>guillaume.baron@paris-lavillette.archi.fr<br><strong>Capucine Tournilhac, chercheuse associ\u00e9e au LAA-LAVUE<\/strong><br>Page personnel sur : <a href=\"https:\/\/www.laa.archi.fr\/Tournilhac-Capucine\">https:\/\/www.laa.archi.fr\/Tournilhac-Capucine<\/a><\/p>\n\n\n\n<p><\/p>\n<\/div>","protected":false},"excerpt":{"rendered":"<p>Alors que l\u2019urgence climatique interpelle le monde social et devient un enjeu incontournable de nos territoires, tous les indicateurs nous rappellent combien le processus continu d\u2019urbanisation p\u00e8se sur les \u00e9quilibres sociaux, environnementaux et contribue \u00e0 la diffusion des \u00e9missions carbone. Dans ce contexte, l&#8217;objectif de ce s\u00e9minaire est de pr\u00e9senter un premier panorama des enjeux &hellip; <\/p>\n<p><a class=\"more-link btn\" href=\"http:\/\/enseignementshmu.paris-lavillette.archi.fr\/hvd\/\">Continue reading<\/a><\/p>\n","protected":false},"author":1,"featured_media":0,"parent":0,"menu_order":0,"comment_status":"open","ping_status":"open","template":"","meta":[],"_links":{"self":[{"href":"http:\/\/enseignementshmu.paris-lavillette.archi.fr\/hvd\/index.php?rest_route=\/wp\/v2\/pages\/29"}],"collection":[{"href":"http:\/\/enseignementshmu.paris-lavillette.archi.fr\/hvd\/index.php?rest_route=\/wp\/v2\/pages"}],"about":[{"href":"http:\/\/enseignementshmu.paris-lavillette.archi.fr\/hvd\/index.php?rest_route=\/wp\/v2\/types\/page"}],"author":[{"embeddable":true,"href":"http:\/\/enseignementshmu.paris-lavillette.archi.fr\/hvd\/index.php?rest_route=\/wp\/v2\/users\/1"}],"replies":[{"embeddable":true,"href":"http:\/\/enseignementshmu.paris-lavillette.archi.fr\/hvd\/index.php?rest_route=%2Fwp%2Fv2%2Fcomments&post=29"}],"version-history":[{"count":28,"href":"http:\/\/enseignementshmu.paris-lavillette.archi.fr\/hvd\/index.php?rest_route=\/wp\/v2\/pages\/29\/revisions"}],"predecessor-version":[{"id":1947,"href":"http:\/\/enseignementshmu.paris-lavillette.archi.fr\/hvd\/index.php?rest_route=\/wp\/v2\/pages\/29\/revisions\/1947"}],"wp:attachment":[{"href":"http:\/\/enseignementshmu.paris-lavillette.archi.fr\/hvd\/index.php?rest_route=%2Fwp%2Fv2%2Fmedia&parent=29"}],"curies":[{"name":"wp","href":"https:\/\/api.w.org\/{rel}","templated":true}]}}