{"id":5,"date":"2013-06-25T08:56:35","date_gmt":"2013-06-25T07:56:35","guid":{"rendered":"http:\/\/enseignementshmu.paris-lavillette.archi.fr\/hvd\/?page_id=5"},"modified":"2023-04-03T11:04:48","modified_gmt":"2023-04-03T10:04:48","slug":"presentation","status":"publish","type":"page","link":"http:\/\/enseignementshmu.paris-lavillette.archi.fr\/hvd\/?page_id=5","title":{"rendered":"S\u00e9minaire de MASTER &#8211; Habitat et Ville Durable"},"content":{"rendered":"\n<h4 class=\"has-text-align-center\">Pour une approche critique de la Fabrique urbaine<\/h4>\n\n\n\n<figure class=\"wp-block-pullquote\"><blockquote><p>Alors que l\u2019urgence climatique interpelle le monde social et devient un enjeu incontournable de nos territoires, tous les indicateurs nous rappellent combien le processus continu d\u2019urbanisation p\u00e8se sur les \u00e9quilibres sociaux, environnementaux et contribue \u00e0 la diffusion des \u00e9missions carbone. Dans ce contexte, l&#8217;objectif de ce s\u00e9minaire est de pr\u00e9senter un premier panorama des enjeux de la transition \u00e9cologique au regard des processus de fabrication de l\u2019urbain par une approche centr\u00e9e sur la production de l\u2019habitat et de la ville durable tant sous l&#8217;angle th\u00e9orique et conceptuel que du point de vue des pratiques d\u2019acteurs (professionnels, citoyens, d\u00e9cideurs, etc.).<\/p><\/blockquote><\/figure>\n\n\n<div class=\"wp-block-image\">\n<figure class=\"aligncenter\"><a href=\"http:\/\/www.paris-lavillette.archi.fr\/\" target=\"_blank\" rel=\"noopener\"><img loading=\"lazy\" width=\"227\" height=\"74\" src=\"http:\/\/enseignementshmu.paris-lavillette.archi.fr\/hvd\/wp-content\/uploads\/2013\/06\/signatures-logos.png\" alt=\"\" class=\"wp-image-1275\"\/><\/a><\/figure><\/div>\n\n\n<p class=\"has-text-align-left\"><\/p>\n","protected":false},"excerpt":{"rendered":"<p>Pour une approche critique de la Fabrique urbaine Alors que l\u2019urgence climatique interpelle le monde social et devient un enjeu incontournable de nos territoires, tous les indicateurs nous rappellent combien le processus continu d\u2019urbanisation p\u00e8se sur les \u00e9quilibres sociaux, environnementaux et contribue \u00e0 la diffusion des \u00e9missions carbone. Dans ce contexte, l&#8217;objectif de ce s\u00e9minaire &hellip; <\/p>\n<p><a class=\"more-link btn\" href=\"http:\/\/enseignementshmu.paris-lavillette.archi.fr\/hvd\/?page_id=5\">Continue reading<\/a><\/p>\n","protected":false},"author":1,"featured_media":0,"parent":0,"menu_order":0,"comment_status":"open","ping_status":"open","template":"","meta":[],"_links":{"self":[{"href":"http:\/\/enseignementshmu.paris-lavillette.archi.fr\/hvd\/index.php?rest_route=\/wp\/v2\/pages\/5"}],"collection":[{"href":"http:\/\/enseignementshmu.paris-lavillette.archi.fr\/hvd\/index.php?rest_route=\/wp\/v2\/pages"}],"about":[{"href":"http:\/\/enseignementshmu.paris-lavillette.archi.fr\/hvd\/index.php?rest_route=\/wp\/v2\/types\/page"}],"author":[{"embeddable":true,"href":"http:\/\/enseignementshmu.paris-lavillette.archi.fr\/hvd\/index.php?rest_route=\/wp\/v2\/users\/1"}],"replies":[{"embeddable":true,"href":"http:\/\/enseignementshmu.paris-lavillette.archi.fr\/hvd\/index.php?rest_route=%2Fwp%2Fv2%2Fcomments&post=5"}],"version-history":[{"count":61,"href":"http:\/\/enseignementshmu.paris-lavillette.archi.fr\/hvd\/index.php?rest_route=\/wp\/v2\/pages\/5\/revisions"}],"predecessor-version":[{"id":1737,"href":"http:\/\/enseignementshmu.paris-lavillette.archi.fr\/hvd\/index.php?rest_route=\/wp\/v2\/pages\/5\/revisions\/1737"}],"wp:attachment":[{"href":"http:\/\/enseignementshmu.paris-lavillette.archi.fr\/hvd\/index.php?rest_route=%2Fwp%2Fv2%2Fmedia&parent=5"}],"curies":[{"name":"wp","href":"https:\/\/api.w.org\/{rel}","templated":true}]}}